{"id":686,"date":"2024-12-26T20:47:03","date_gmt":"2024-12-26T20:47:03","guid":{"rendered":"https:\/\/casaadobesanluis.com\/sitio\/index.php\/politicas\/"},"modified":"2025-01-22T18:23:36","modified_gmt":"2025-01-22T18:23:36","slug":"politicas","status":"publish","type":"page","link":"https:\/\/casaadobesanluis.com\/es\/politicas\/","title":{"rendered":"Pol\u00edticas"},"content":{"rendered":"<p>[et_pb_section fb_built=\u00bb1&#8243; _builder_version=\u00bb4.27.0&#8243; _module_preset=\u00bbdefault\u00bb background_color=\u00bb#F6F5F1&#8243; custom_padding=\u00bb120px||200px||false|false\u00bb bottom_divider_style=\u00bbcurve\u00bb bottom_divider_color=\u00bb#A36839&#8243; bottom_divider_height=\u00bb70px\u00bb bottom_divider_flip=\u00bbvertical\u00bb global_colors_info=\u00bb{}\u00bb][et_pb_row custom_padding_last_edited=\u00bbon|desktop\u00bb _builder_version=\u00bb4.27.0&#8243; _module_preset=\u00bbdefault\u00bb custom_padding=\u00bb0px|100px|||false|false\u00bb custom_padding_tablet=\u00bb|0px|||false|false\u00bb custom_padding_phone=\u00bb|0px|||false|false\u00bb locked=\u00bboff\u00bb global_colors_info=\u00bb{}\u00bb][et_pb_column type=\u00bb4_4&#8243; _builder_version=\u00bb4.27.0&#8243; _module_preset=\u00bbdefault\u00bb global_colors_info=\u00bb{}\u00bb][et_pb_text _builder_version=\u00bb4.27.0&#8243; _module_preset=\u00bbdefault\u00bb text_font=\u00bbMrs Saint Delafield||||||||\u00bb text_text_color=\u00bb#A36839&#8243; text_font_size=\u00bb80px\u00bb custom_margin=\u00bb||||false|false\u00bb custom_margin_tablet=\u00bb||||false|false\u00bb custom_margin_phone=\u00bb0px||0px||true|false\u00bb custom_margin_last_edited=\u00bbon|phone\u00bb custom_padding=\u00bb0px||0px||true|false\u00bb animation_style=\u00bbslide\u00bb animation_direction=\u00bbleft\u00bb animation_intensity_slide=\u00bb3%\u00bb text_font_size_tablet=\u00bb52px\u00bb text_font_size_phone=\u00bb36px\u00bb text_font_size_last_edited=\u00bbon|phone\u00bb global_colors_info=\u00bb{}\u00bb]<\/p>\n<p>Experiencia<\/p>\n<p>[\/et_pb_text][et_pb_heading title=\u00bbEstancia de \u00bb _builder_version=\u00bb4.27.0&#8243; _module_preset=\u00bbdefault\u00bb title_text_color=\u00bb#2C3639&#8243; custom_margin=\u00bb0px||0px||true|false\u00bb custom_padding=\u00bb0px||0px||true|false\u00bb animation_style=\u00bbslide\u00bb animation_direction=\u00bbleft\u00bb animation_intensity_slide=\u00bb3%\u00bb hover_enabled=\u00bb0&#8243; title_font_size_tablet=\u00bb53px\u00bb title_font_size_phone=\u00bb36px\u00bb title_font_size_last_edited=\u00bbon|desktop\u00bb global_colors_info=\u00bb{}\u00bb title_font=\u00bb|||on|||||\u00bb sticky_enabled=\u00bb0&#8243;][\/et_pb_heading][et_pb_heading title=\u00bbPol\u00edticas\u00bb _builder_version=\u00bb4.27.0&#8243; _module_preset=\u00bbdefault\u00bb title_text_align=\u00bbleft\u00bb title_text_color=\u00bb#2C3639&#8243; custom_margin=\u00bb-10px||-10px||true|false\u00bb custom_padding=\u00bb0px|80px|0px|50px|true|false\u00bb custom_padding_tablet=\u00bb|0px|||true|false\u00bb custom_padding_phone=\u00bb0px|0px|0px||true|false\u00bb custom_padding_last_edited=\u00bbon|desktop\u00bb animation_style=\u00bbslide\u00bb animation_direction=\u00bbright\u00bb animation_intensity_slide=\u00bb3%\u00bb hover_enabled=\u00bb0&#8243; title_text_align_tablet=\u00bbleft\u00bb title_text_align_phone=\u00bbleft\u00bb title_text_align_last_edited=\u00bbon|tablet\u00bb title_font_size_tablet=\u00bb53px\u00bb title_font_size_phone=\u00bb36px\u00bb title_font_size_last_edited=\u00bbon|desktop\u00bb global_colors_info=\u00bb{}\u00bb title_font=\u00bb|||on|||||\u00bb sticky_enabled=\u00bb0&#8243;][\/et_pb_heading][\/et_pb_column][\/et_pb_row][et_pb_row _builder_version=\u00bb4.27.0&#8243; _module_preset=\u00bbdefault\u00bb animation_style=\u00bbfade\u00bb global_colors_info=\u00bb{}\u00bb][et_pb_column type=\u00bb4_4&#8243; _builder_version=\u00bb4.27.0&#8243; _module_preset=\u00bbdefault\u00bb global_colors_info=\u00bb{}\u00bb][et_pb_text _builder_version=\u00bb4.27.0&#8243; _module_preset=\u00bbdefault\u00bb global_colors_info=\u00bb{}\u00bb]<\/p>\n<p><strong>I.- IDENTIDAD DEL RESPONSABLE<\/strong><br \/>De acuerdo con lo establecido en los art\u00edculos 8, 15, 16, 36 y dem\u00e1s art\u00edculos relevantes y aplicables de la Ley Federal de Protecci\u00f3n de Datos Personales en Posesi\u00f3n de los Particulares, Casa Adobe San Luis, con domicilio en Jos\u00e9 Mar\u00eda Morelos y Pav\u00f3n 1135, Centro Hist\u00f3rico, 78000 San Luis Potos\u00ed, S.L.P., M\u00e9xico, le informa que es responsable de obtener y tratar sus datos personales recabados a trav\u00e9s de su relaci\u00f3n con nosotros.<\/p>\n<p><strong>II.- DATOS PERSONALES<\/strong><br \/>Para los fines descritos a continuaci\u00f3n, se podr\u00e1n recabar los siguientes datos personales:<\/p>\n<p>a) Datos de Identificaci\u00f3n: Nombre(s) y apellidos, identificaci\u00f3n oficial, direcci\u00f3n, n\u00fameros telef\u00f3nicos (fijo, m\u00f3vil, laboral), estado civil, firma, correo electr\u00f3nico, g\u00e9nero, edad, fecha de nacimiento, nacionalidad, ocupaci\u00f3n y datos del lugar de trabajo.<br \/>b) Datos Financieros: M\u00e9todo de pago, nombre del titular de la tarjeta, n\u00famero de tarjeta de cr\u00e9dito, fecha de vencimiento y c\u00f3digo de seguridad.<br \/>c) Datos de Facturaci\u00f3n: Nombre, RFC y domicilio fiscal.<br \/>d) Datos de Preferencia: Preferencias de habitaci\u00f3n, servicios solicitados, preferencias de viaje, pasatiempos y opiniones.<\/p>\n<p>Recabamos sus datos a trav\u00e9s de los siguientes medios:<\/p>\n<p>De manera personal: Al momento del check-in o al llenar formularios con nuestro personal.<br \/>De manera directa: A trav\u00e9s de nuestro sitio web, redes sociales o correo electr\u00f3nico.<br \/>De manera indirecta: Por medio de terceros, como agencias de viajes o tour operadores.<br \/>No recabamos datos personales sensibles, seg\u00fan lo establecido en la Ley Federal de Protecci\u00f3n de Datos Personales en Posesi\u00f3n de los Particulares.<\/p>\n<p><strong>III.- FINALIDAD<\/strong><br \/>Los datos personales recabados ser\u00e1n utilizados para los siguientes fines:<\/p>\n<p>Registro de hu\u00e9spedes y check-in.<br \/>Prestaci\u00f3n de servicios de hospedaje.<br \/>Facturaci\u00f3n.<br \/>Procesamiento de pagos.<br \/>Realizaci\u00f3n de encuestas de calidad y satisfacci\u00f3n.<br \/>Env\u00edo de informaci\u00f3n promocional relacionada con nuestros servicios.<\/p>\n<p><strong>IV.- TRANSFERENCIA DE DATOS PERSONALES<\/strong><br \/>Casa Adobe San Luis no vende sus datos personales a terceros. Sin embargo, su informaci\u00f3n puede ser compartida con empresas de nuestro grupo corporativo o con proveedores de servicios para cumplir con las finalidades antes mencionadas.<\/p>\n<p><strong>V.- DERECHOS DE ACCESO, RECTIFICACI\u00d3N, CANCELACI\u00d3N Y OPOSICI\u00d3N (DERECHOS ARCO)<\/strong><br \/>De acuerdo con el art\u00edculo 28 de la Ley Federal de Protecci\u00f3n de Datos Personales en Posesi\u00f3n de los Particulares, usted tiene derecho a:<\/p>\n<p>Acceder a sus datos personales.<br \/>Rectificar datos que sean inexactos o incompletos.<br \/>Cancelar sus datos cuando ya no sean necesarios.<br \/>Oponerse al uso de sus datos para fines espec\u00edficos.<br \/>Para ejercer estos derechos, puede comunicarse con nuestro Departamento de Protecci\u00f3n de Datos Personales en Jos\u00e9 Mar\u00eda Morelos y Pav\u00f3n 1135, Centro Hist\u00f3rico, 78000 San Luis Potos\u00ed, S.L.P., M\u00e9xico, llamando al n\u00famero (+1) 210-391-9804, o enviando un correo electr\u00f3nico a info@casaadobesanluis.com.<\/p>\n<p><strong>VI.- SEGURIDAD DE SUS DATOS PERSONALES<\/strong><br \/>Implementamos medidas de seguridad para proteger sus datos personales contra p\u00e9rdida, uso indebido, alteraci\u00f3n o acceso no autorizado, tal como lo exige la ley.<\/p>\n<p><strong>VII.- MEDIOS ELECTR\u00d3NICOS Y COOKIES<\/strong><br \/>Nuestro sitio web puede utilizar cookies y web beacons para recopilar informaci\u00f3n sobre su comportamiento de navegaci\u00f3n. Usted puede administrar sus preferencias de cookies desde la configuraci\u00f3n de su navegador.<\/p>\n<p><strong>VIII.- MODIFICACIONES AL AVISO DE PRIVACIDAD<\/strong><br \/>Casa Adobe San Luis se reserva el derecho de modificar este aviso de privacidad en cualquier momento. Las actualizaciones se publicar\u00e1n en nuestro sitio web o se comunicar\u00e1n por correo electr\u00f3nico. Si no est\u00e1 de acuerdo con alguna modificaci\u00f3n, puede solicitar la cancelaci\u00f3n de sus datos personales enviando un correo a info@casaadobesanluis.com.<\/p>\n<p><strong>IX.- POL\u00cdTICAS<\/strong><br \/>Por favor, tome en cuenta las siguientes pol\u00edticas durante su estancia en Casa Adobe San Luis:<\/p>\n<p>El horario de check-out es a las 11:00 a.m.<br \/>No se permite fumar.<br \/>No se permiten mascotas.<br \/>No se incluye desayuno.<br \/>No hay cunas disponibles.<\/p>\n<p>[\/et_pb_text][\/et_pb_column][\/et_pb_row][et_pb_row column_structure=\u00bb1_4,1_4,1_4,1_4&#8243; _builder_version=\u00bb4.27.0&#8243; _module_preset=\u00bbdefault\u00bb animation_style=\u00bbslide\u00bb animation_direction=\u00bbbottom\u00bb animation_intensity_slide=\u00bb3%\u00bb global_colors_info=\u00bb{}\u00bb][et_pb_column type=\u00bb1_4&#8243; _builder_version=\u00bb4.27.0&#8243; _module_preset=\u00bbdefault\u00bb global_colors_info=\u00bb{}\u00bb][et_pb_blurb title=\u00bbCheck-in y Check-out\u00bb image=\u00bbhttps:\/\/casaadobesanluis.com\/sitio\/wp-content\/uploads\/2024\/12\/Check-out.png\u00bb _builder_version=\u00bb4.27.0&#8243; _module_preset=\u00bbdefault\u00bb header_text_align=\u00bbcenter\u00bb header_text_color=\u00bb#A36839&#8243; header_font_size=\u00bb20px\u00bb text_orientation=\u00bbcenter\u00bb hover_enabled=\u00bb0&#8243; global_colors_info=\u00bb{}\u00bb sticky_enabled=\u00bb0&#8243; header_font=\u00bb|||on|||||\u00bb]<\/p>\n<p>El check-in est\u00e1 disponible a partir de las 3:00 p.m., y el check-out debe realizarse antes de las 11:00 a.m. para garantizar la adecuada preparaci\u00f3n de la propiedad.<\/p>\n<p>[\/et_pb_blurb][\/et_pb_column][et_pb_column type=\u00bb1_4&#8243; _builder_version=\u00bb4.27.0&#8243; _module_preset=\u00bbdefault\u00bb global_colors_info=\u00bb{}\u00bb][et_pb_blurb title=\u00bbCapacidad M\u00e1xima\u00bb image=\u00bbhttps:\/\/casaadobesanluis.com\/sitio\/wp-content\/uploads\/2025\/01\/users-solid.png\u00bb _builder_version=\u00bb4.27.0&#8243; _module_preset=\u00bbdefault\u00bb header_text_align=\u00bbcenter\u00bb header_text_color=\u00bb#A36839&#8243; header_font_size=\u00bb20px\u00bb text_orientation=\u00bbcenter\u00bb hover_enabled=\u00bb0&#8243; global_colors_info=\u00bb{}\u00bb header_font=\u00bb|||on|||||\u00bb sticky_enabled=\u00bb0&#8243;]<\/p>\n<p>La propiedad tiene una capacidad m\u00e1xima de 7 hu\u00e9spedes. Es fundamental respetar este l\u00edmite para garantizar una estancia c\u00f3moda y agradable para todos los hu\u00e9spedes.<\/p>\n<p>[\/et_pb_blurb][\/et_pb_column][et_pb_column type=\u00bb1_4&#8243; _builder_version=\u00bb4.27.0&#8243; _module_preset=\u00bbdefault\u00bb global_colors_info=\u00bb{}\u00bb][et_pb_blurb title=\u00bbSeguridad\u00bb image=\u00bbhttps:\/\/casaadobesanluis.com\/sitio\/wp-content\/uploads\/2025\/01\/lock-solid.png\u00bb _builder_version=\u00bb4.27.0&#8243; _module_preset=\u00bbdefault\u00bb header_text_align=\u00bbcenter\u00bb header_text_color=\u00bb#A36839&#8243; header_font_size=\u00bb20px\u00bb text_orientation=\u00bbcenter\u00bb hover_enabled=\u00bb0&#8243; global_colors_info=\u00bb{}\u00bb header_font=\u00bb|||on|||||\u00bb sticky_enabled=\u00bb0&#8243;]<\/p>\n<p>La casa est\u00e1 equipada con c\u00e1maras de seguridad exteriores orientadas hacia la calle, proporcionando mayor seguridad para los hu\u00e9spedes y el \u00e1rea circundante de la propiedad.<\/p>\n<p>[\/et_pb_blurb][\/et_pb_column][et_pb_column type=\u00bb1_4&#8243; _builder_version=\u00bb4.27.0&#8243; _module_preset=\u00bbdefault\u00bb global_colors_info=\u00bb{}\u00bb][et_pb_blurb title=\u00bbReglas de la Casa\u00bb image=\u00bbhttps:\/\/casaadobesanluis.com\/sitio\/wp-content\/uploads\/2025\/01\/clipboard-check-solid.png\u00bb _builder_version=\u00bb4.27.0&#8243; _module_preset=\u00bbdefault\u00bb header_text_align=\u00bbcenter\u00bb header_text_color=\u00bb#A36839&#8243; header_font_size=\u00bb20px\u00bb text_orientation=\u00bbcenter\u00bb hover_enabled=\u00bb0&#8243; global_colors_info=\u00bb{}\u00bb header_font=\u00bb|||on|||||\u00bb sticky_enabled=\u00bb0&#8243;]<\/p>\n<p>Es importante respetar los horarios de check-in y check-out, as\u00ed como la capacidad m\u00e1xima de 7 hu\u00e9spedes, para garantizar el confort de todos los ocupantes durante la estancia.<\/p>\n<p>[\/et_pb_blurb][\/et_pb_column][\/et_pb_row][\/et_pb_section]<\/p>\n","protected":false},"excerpt":{"rendered":"<p>ExperienciaI.- IDENTIDAD DEL RESPONSABLEDe acuerdo con lo establecido en los art\u00edculos 8, 15, 16, 36 y dem\u00e1s art\u00edculos relevantes y aplicables de la Ley Federal de Protecci\u00f3n de Datos Personales en Posesi\u00f3n de los Particulares, Casa Adobe San Luis, con domicilio en Jos\u00e9 Mar\u00eda Morelos y Pav\u00f3n 1135, Centro Hist\u00f3rico, 78000 San Luis Potos\u00ed, S.L.P., [&hellip;]<\/p>\n","protected":false},"author":1,"featured_media":0,"parent":0,"menu_order":0,"comment_status":"closed","ping_status":"closed","template":"","meta":{"_et_pb_use_builder":"on","_et_pb_old_content":"","_et_gb_content_width":"","footnotes":""},"class_list":["post-686","page","type-page","status-publish","hentry"],"_links":{"self":[{"href":"https:\/\/casaadobesanluis.com\/es\/wp-json\/wp\/v2\/pages\/686","targetHints":{"allow":["GET"]}}],"collection":[{"href":"https:\/\/casaadobesanluis.com\/es\/wp-json\/wp\/v2\/pages"}],"about":[{"href":"https:\/\/casaadobesanluis.com\/es\/wp-json\/wp\/v2\/types\/page"}],"author":[{"embeddable":true,"href":"https:\/\/casaadobesanluis.com\/es\/wp-json\/wp\/v2\/users\/1"}],"replies":[{"embeddable":true,"href":"https:\/\/casaadobesanluis.com\/es\/wp-json\/wp\/v2\/comments?post=686"}],"version-history":[{"count":7,"href":"https:\/\/casaadobesanluis.com\/es\/wp-json\/wp\/v2\/pages\/686\/revisions"}],"predecessor-version":[{"id":901,"href":"https:\/\/casaadobesanluis.com\/es\/wp-json\/wp\/v2\/pages\/686\/revisions\/901"}],"wp:attachment":[{"href":"https:\/\/casaadobesanluis.com\/es\/wp-json\/wp\/v2\/media?parent=686"}],"curies":[{"name":"wp","href":"https:\/\/api.w.org\/{rel}","templated":true}]}}